{"id":2971,"date":"2022-12-17T18:14:10","date_gmt":"2022-12-17T18:14:10","guid":{"rendered":"https:\/\/chiarafciceri.com\/?post_type=product&#038;p=2971"},"modified":"2023-11-08T21:06:04","modified_gmt":"2023-11-08T21:06:04","slug":"la-guida-alle-decisioni-difficili","status":"publish","type":"product","link":"https:\/\/chiarafciceri.com\/index.php\/product\/la-guida-alle-decisioni-difficili\/","title":{"rendered":"La Guida alle Decisioni Difficili"},"content":{"rendered":"<h6>\u201cL&#8217;uomo\u00a0crede di\u00a0volere\u00a0la libert\u00e0. In\u00a0realt\u00e0\u00a0ne ha una grande\u00a0paura. Perch\u00e9? Perch\u00e9 la libert\u00e0 lo obbliga a prendere delle\u00a0decisioni, e le\u00a0decisioni\u00a0comportano\u00a0rischi.\u201d<\/h6>\n<p>&nbsp;<\/p>\n<h4><span style=\"color: #ffcc33;\">La mia guida ti toglie dall&#8217;empasse della non-decisione<\/span><\/h4>\n<h4>Fa per te se:<\/h4>\n<ul>\n<li>hai la necessit\u00e0 di prendere una decisione importante<\/li>\n<li>hai gi\u00e0 ragionato in termini di costi\/benefici, ma c&#8217;\u00e8 ancora qualcosa che non ti convince<\/li>\n<li>gli elementi psicologici e quelli pratici fanno a pugni all&#8217;interno della tua mente e ti impediscono di schierarti<\/li>\n<li>stai rischiando di &#8220;accontentarti&#8221; perch\u00e9 temi che certe strade non siano alla tua portata<\/li>\n<li>hai paura del giudizio delle persone che ti stanno accanto<\/li>\n<li>stai rischiando di perdere delle opportunit\u00e0<\/li>\n<li>stai mettendo a rischio delle relazioni importanti o di ferire qualcuno (oltre che te stess\u0259)<\/li>\n<\/ul>\n<h4>Non fa per te se:<\/h4>\n<ul>\n<li>ti aspetti che sia l&#8217;equivalente di un percorso di counselling (quello va pi\u00f9 in profondit\u00e0).<\/li>\n<li>vuoi cambiare gli altri anzich\u00e9 agire su te stess\u0259.<\/li>\n<\/ul>\n<h4>Come \u00e8 strutturato?<\/h4>\n<ul>\n<li>\u00e8 un corso molto pragmatico<\/li>\n<li>ti guida nel ragionamento logico e nell&#8217;attivazione dell&#8217;intuito<\/li>\n<li>\u00e8 ricco di esercizi pratici<\/li>\n<li>ti suggerir\u00f2 delle tecniche per mettere in pratica fin da subito i primi passi del tuo viaggio, soprattutto se vuoi imbarcarti in progetti complessi.<\/li>\n<\/ul>\n<h4>Cosa aspetti?<\/h4>\n<ul>\n<li><span style=\"color: #ff9900;\">E&#8217; in super offerta a Euro 9,99 anzich\u00e9 Euro 37,00!<\/span><\/li>\n<li><strong>Acquistalo subito<\/strong> <strong>e sar\u00e0 tuo per sempre<\/strong>, da fare ogni qual volta ne sentirai la necessit\u00e0!<\/li>\n<\/ul>\n","protected":false},"excerpt":{"rendered":"<p>\u201cL&#8217;uomo\u00a0crede di\u00a0volere\u00a0la libert\u00e0. In\u00a0realt\u00e0\u00a0ne ha una grande\u00a0paura. Perch\u00e9? Perch\u00e9 la libert\u00e0 lo obbliga a prendere delle\u00a0decisioni, e le\u00a0decisioni\u00a0comportano\u00a0rischi.\u201d &nbsp; La mia guida ti toglie dall&#8217;empasse della non-decisione Fa per te se: hai la necessit\u00e0 di prendere una decisione importante hai gi\u00e0 ragionato in termini di costi\/benefici, ma c&#8217;\u00e8 ancora qualcosa che non ti convince gli [&hellip;]<\/p>\n","protected":false},"featured_media":3066,"template":"","meta":{"_uag_custom_page_level_css":""},"product_brand":[],"product_cat":[36],"product_tag":[],"class_list":{"0":"post-2971","1":"product","2":"type-product","3":"status-publish","4":"has-post-thumbnail","6":"product_cat-courses","8":"first","9":"instock","10":"sale","11":"downloadable","12":"virtual","13":"purchasable","14":"product-type-simple"},"uagb_featured_image_src":{"full":["https:\/\/chiarafciceri.com\/wp-content\/uploads\/2023\/05\/AdobeStock_238194159-scaled-e1730887871157.jpeg",2560,1454,false],"thumbnail":["https:\/\/chiarafciceri.com\/wp-content\/uploads\/2023\/05\/AdobeStock_238194159-scaled-e1730887871157-150x150.jpeg",150,150,true],"medium":["https:\/\/chiarafciceri.com\/wp-content\/uploads\/2023\/05\/AdobeStock_238194159-scaled-e1730887871157-300x170.jpeg",300,170,true],"medium_large":["https:\/\/chiarafciceri.com\/wp-content\/uploads\/2023\/05\/AdobeStock_238194159-scaled-e1730887871157-768x436.jpeg",768,436,true],"large":["https:\/\/chiarafciceri.com\/wp-content\/uploads\/2023\/05\/AdobeStock_238194159-scaled-e1730887871157-1024x582.jpeg",1024,582,true],"1536x1536":["https:\/\/chiarafciceri.com\/wp-content\/uploads\/2023\/05\/AdobeStock_238194159-scaled-e1730887871157-1536x872.jpeg",1536,872,true],"2048x2048":["https:\/\/chiarafciceri.com\/wp-content\/uploads\/2023\/05\/AdobeStock_238194159-scaled-e1730887871157-2048x1163.jpeg",2048,1163,true],"woocommerce_thumbnail":["https:\/\/chiarafciceri.com\/wp-content\/uploads\/2023\/05\/AdobeStock_238194159-scaled-e1730887871157-300x300.jpeg",300,300,true],"woocommerce_single":["https:\/\/chiarafciceri.com\/wp-content\/uploads\/2023\/05\/AdobeStock_238194159-scaled-e1730887871157-600x341.jpeg",600,341,true],"woocommerce_gallery_thumbnail":["https:\/\/chiarafciceri.com\/wp-content\/uploads\/2023\/05\/AdobeStock_238194159-scaled-e1730887871157-100x100.jpeg",100,100,true]},"uagb_author_info":{"display_name":"Chiara Ciceri","author_link":"https:\/\/chiarafciceri.com\/index.php\/author\/"},"uagb_comment_info":0,"uagb_excerpt":"\u201cL&#8217;uomo\u00a0crede di\u00a0volere\u00a0la libert\u00e0. In\u00a0realt\u00e0\u00a0ne ha una grande\u00a0paura. Perch\u00e9? Perch\u00e9 la libert\u00e0 lo obbliga a prendere delle\u00a0decisioni, e le\u00a0decisioni\u00a0comportano\u00a0rischi.\u201d &nbsp; La mia guida ti toglie dall&#8217;empasse della non-decisione Fa per te se: hai la necessit\u00e0 di prendere una decisione importante hai gi\u00e0 ragionato in termini di costi\/benefici, ma c&#8217;\u00e8 ancora qualcosa che non ti convince gli&hellip;","_links":{"self":[{"href":"https:\/\/chiarafciceri.com\/index.php\/wp-json\/wp\/v2\/product\/2971","targetHints":{"allow":["GET"]}}],"collection":[{"href":"https:\/\/chiarafciceri.com\/index.php\/wp-json\/wp\/v2\/product"}],"about":[{"href":"https:\/\/chiarafciceri.com\/index.php\/wp-json\/wp\/v2\/types\/product"}],"version-history":[{"count":4,"href":"https:\/\/chiarafciceri.com\/index.php\/wp-json\/wp\/v2\/product\/2971\/revisions"}],"predecessor-version":[{"id":3659,"href":"https:\/\/chiarafciceri.com\/index.php\/wp-json\/wp\/v2\/product\/2971\/revisions\/3659"}],"wp:featuredmedia":[{"embeddable":true,"href":"https:\/\/chiarafciceri.com\/index.php\/wp-json\/wp\/v2\/media\/3066"}],"wp:attachment":[{"href":"https:\/\/chiarafciceri.com\/index.php\/wp-json\/wp\/v2\/media?parent=2971"}],"wp:term":[{"taxonomy":"product_brand","embeddable":true,"href":"https:\/\/chiarafciceri.com\/index.php\/wp-json\/wp\/v2\/product_brand?post=2971"},{"taxonomy":"product_cat","embeddable":true,"href":"https:\/\/chiarafciceri.com\/index.php\/wp-json\/wp\/v2\/product_cat?post=2971"},{"taxonomy":"product_tag","embeddable":true,"href":"https:\/\/chiarafciceri.com\/index.php\/wp-json\/wp\/v2\/product_tag?post=2971"}],"curies":[{"name":"wp","href":"https:\/\/api.w.org\/{rel}","templated":true}]}}