{"id":2631,"date":"2022-11-27T21:42:35","date_gmt":"2022-11-27T21:42:35","guid":{"rendered":"https:\/\/chiarafciceri.com\/?page_id=2631"},"modified":"2025-02-07T15:12:55","modified_gmt":"2025-02-07T15:12:55","slug":"bussola","status":"publish","type":"page","link":"https:\/\/chiarafciceri.com\/index.php\/bussola\/","title":{"rendered":"La Bussola"},"content":{"rendered":"\t\t<div data-elementor-type=\"wp-page\" data-elementor-id=\"2631\" class=\"elementor elementor-2631\" data-elementor-post-type=\"page\">\n\t\t\t\t\t\t<section class=\"elementor-section elementor-top-section elementor-element elementor-element-63f6a80 elementor-section-boxed elementor-section-height-default elementor-section-height-default\" data-id=\"63f6a80\" data-element_type=\"section\" data-e-type=\"section\">\n\t\t\t\t\t\t<div class=\"elementor-container elementor-column-gap-default\">\n\t\t\t\t\t<div class=\"elementor-column elementor-col-100 elementor-top-column elementor-element elementor-element-709b91f\" data-id=\"709b91f\" data-element_type=\"column\" data-e-type=\"column\">\n\t\t\t<div class=\"elementor-widget-wrap elementor-element-populated\">\n\t\t\t\t\t\t<div class=\"elementor-element elementor-element-1326cb3 elementor-skin-carousel elementor-arrows-yes elementor-pagination-type-bullets elementor-pagination-position-outside elementor-widget elementor-widget-media-carousel\" data-id=\"1326cb3\" data-element_type=\"widget\" data-e-type=\"widget\" data-settings=\"{&quot;skin&quot;:&quot;carousel&quot;,&quot;effect&quot;:&quot;slide&quot;,&quot;show_arrows&quot;:&quot;yes&quot;,&quot;pagination&quot;:&quot;bullets&quot;,&quot;speed&quot;:500,&quot;autoplay&quot;:&quot;yes&quot;,&quot;autoplay_speed&quot;:5000,&quot;loop&quot;:&quot;yes&quot;,&quot;pause_on_hover&quot;:&quot;yes&quot;,&quot;pause_on_interaction&quot;:&quot;yes&quot;,&quot;space_between&quot;:{&quot;unit&quot;:&quot;px&quot;,&quot;size&quot;:10,&quot;sizes&quot;:[]},&quot;space_between_tablet&quot;:{&quot;unit&quot;:&quot;px&quot;,&quot;size&quot;:10,&quot;sizes&quot;:[]},&quot;space_between_mobile&quot;:{&quot;unit&quot;:&quot;px&quot;,&quot;size&quot;:10,&quot;sizes&quot;:[]}}\" data-widget_type=\"media-carousel.default\">\n\t\t\t\t<div class=\"elementor-widget-container\">\n\t\t\t\t\t\t\t\t\t<div class=\"elementor-swiper\">\n\t\t\t\t\t<div class=\"elementor-main-swiper swiper\" role=\"region\" aria-roledescription=\"carousel\" aria-label=\"Slides\">\n\t\t\t\t<div class=\"swiper-wrapper\">\n\t\t\t\t\t\t\t\t\t\t\t<div class=\"swiper-slide\" role=\"group\" aria-roledescription=\"slide\">\n\t\t\t\t\t\t\t\t\t<div class=\"elementor-carousel-image\" role=\"img\" aria-label=\"Untitled (2560 \u00d7 1437 px) (1)\" style=\"background-image: url(&#039;https:\/\/chiarafciceri.com\/wp-content\/uploads\/2022\/11\/Untitled-2560-\u00d7-1437-px-1-e1735985306694.png&#039;)\">\n\n\t\t\t\n\t\t\t\t\t<\/div>\n\t\t\t\t\t\t\t\t<\/div>\n\t\t\t\t\t\t\t\t\t\t\t<div class=\"swiper-slide\" role=\"group\" aria-roledescription=\"slide\">\n\t\t\t\t\t\t\t\t\t<div class=\"elementor-carousel-image\" role=\"img\" aria-label=\"Untitled (2560 \u00d7 1437 px) (2)\" style=\"background-image: url(&#039;https:\/\/chiarafciceri.com\/wp-content\/uploads\/2022\/11\/Untitled-2560-\u00d7-1437-px-2.png&#039;)\">\n\n\t\t\t\n\t\t\t\t\t<\/div>\n\t\t\t\t\t\t\t\t<\/div>\n\t\t\t\t\t\t\t\t\t<\/div>\n\t\t\t\t\t\t\t\t\t\t\t\t\t\t\t<div class=\"elementor-swiper-button elementor-swiper-button-prev\" role=\"button\" tabindex=\"0\" aria-label=\"Precedente\">\n\t\t\t\t\t\t\t<i aria-hidden=\"true\" class=\"eicon-chevron-left\"><\/i>\t\t\t\t\t\t<\/div>\n\t\t\t\t\t\t<div class=\"elementor-swiper-button elementor-swiper-button-next\" role=\"button\" tabindex=\"0\" aria-label=\"Successivo\">\n\t\t\t\t\t\t\t<i aria-hidden=\"true\" class=\"eicon-chevron-right\"><\/i>\t\t\t\t\t\t<\/div>\n\t\t\t\t\t\t\t\t\t\t\t\t\t\t\t\t<div class=\"swiper-pagination\"><\/div>\n\t\t\t\t\t\t\t\t\t\t\t\t<\/div>\n\t\t\t\t<\/div>\n\t\t\t\t\t\t\t\t<\/div>\n\t\t\t\t<\/div>\n\t\t\t\t\t<\/div>\n\t\t<\/div>\n\t\t\t\t\t<\/div>\n\t\t<\/section>\n\t\t\t\t<section class=\"elementor-section elementor-top-section elementor-element elementor-element-bt5qcpl elementor-section-content-middle elementor-section-boxed elementor-section-height-default elementor-section-height-default\" data-id=\"bt5qcpl\" data-element_type=\"section\" data-e-type=\"section\">\n\t\t\t\t\t\t<div class=\"elementor-container elementor-column-gap-default\">\n\t\t\t\t\t<div class=\"elementor-column elementor-col-100 elementor-top-column elementor-element elementor-element-idz4rb9\" data-id=\"idz4rb9\" data-element_type=\"column\" data-e-type=\"column\" data-settings=\"{&quot;background_background&quot;:&quot;classic&quot;}\">\n\t\t\t<div class=\"elementor-widget-wrap elementor-element-populated\">\n\t\t\t\t\t\t<div class=\"elementor-element elementor-element-lt5b1ey elementor-widget elementor-widget-text-editor\" data-id=\"lt5b1ey\" data-element_type=\"widget\" data-e-type=\"widget\" data-widget_type=\"text-editor.default\">\n\t\t\t\t<div class=\"elementor-widget-container\">\n\t\t\t\t\t\t\t\t\t<h5>LA BUSSOLA &#8211; ritrovare senso, centro e carica!<\/h5>\n<p style=\"color: #1e454f;\"><span style=\"font-family: gill-sans; font-weight: bold;\">Ritrovare senso, centro e carica!<\/span><\/p>\n<p style=\"color: #1e454f;\">Ti senti sovraccarica da mille cose e pensieri? Non riesci a fermare la &#8220;ruota del criceto&#8221;? Scendi e prenditi un attimo con me.<\/p>\n<p style=\"color: #1e454f;\">Avere una direzione, trovare o ritrovare un senso in ci\u00f2 che facciamo e una rinnovata motivazione sono passi importanti da fare ogni volta ci si sente stanchi, arenati o persi, per vivere una vita che sia scelta e non sub\u00ecta.<\/p>\n<p style=\"color: #1e454f;\">Solo cos\u00ec possiamo sentirci nuovamente efficaci e ritrovare la nostra autostima, cio\u00e8 la fiducia nelle nostre capacit\u00e0.<\/p>\n<p style=\"color: #1e454f;\">Il risultato del lavoro che farai con La Bussola durer\u00e0 nel tempo! Davvero sar\u00e0 una bussola emotiva nelle tue giornate, settimane e mesi.<\/p>\n<p style=\"color: #1e454f;\">Questo percorso ti aiuter\u00e0 a trovare il senso di ci\u00f2 che vuoi essere e fare, a centrare i tuoi valori e obiettivi e a individuare quelle sensazioni che aiuteranno la tua motivazione per i prossimi mesi.&nbsp;<\/p>\n<h6>Come ti sentirai alla fine?<\/h6>\n<p style=\"color: #1e454f;\"><span style=\"color: #d96b04;\"><span style=\"color: #000000;\">Sentirai di avere una&nbsp;<\/span>tua personale stella polare&nbsp;<span style=\"color: #000000;\">che ti aiuter\u00e0 ad incanalare le energie e i pensieri in ci\u00f2 che ti rende felice e ti spinge ad agire in quella direzione.<\/span><\/span><\/p>\n<h6>Come lo facciamo?<\/h6>\n<p style=\"color: #1e454f;\">Lavoriamo su tutti i livelli che ci rendono esseri cos\u00ec complessi e intriganti: le&nbsp;<span style=\"color: #d96b04;\">emozioni, le sensazioni e \u2013 solo in ultima fase \u2013 la nostra parte cognitiva<\/span>, ovvero le capacit\u00e0 analitica e di programmazione.<\/p>\n<p style=\"color: #1e454f;\">In questo \u00e8 un&nbsp;<span style=\"color: #d96b04;\">metodo completo<\/span>&nbsp;perch\u00e9 solitamente gli approcci pi\u00f9 conosciuti, arrivando da una visione aziendale, partono proprio dalla parte cognitiva e spesso ignorano la dimensione emotiva (gran peccato perch\u00e9 sono le emozioni che ci spingono all&#8217;azione!)<\/p>\n<h6>Quando, dove, costo?<\/h6>\n<ul style=\"color: #1e454f;\">\n<li>LA PROSSIMA EDIZIONE SARA&#8217; A SETTEMBRE &#8211; scrivimi per rimanere informata&nbsp;<\/li>\n<li>Chiasso, via E. Dunant 1A<\/li>\n<\/ul>\n<p style=\"color: #1e454f;\">Porta un&#8217;amica, sar\u00e0 stupendo condividere quest&#8217;esperienza.&nbsp;<\/p>\n<p style=\"color: #1e454f;\">Per domande e iscrizioni scrivi a&nbsp;<a href=\"mailto:info@chiarafciceri.com\">info@chiarafciceri.com<\/a><\/p>\n<p style=\"color: #1e454f;\">Ti aspetto!<\/p>\n<p><span style=\"color: #1e454f; font-family: var( --e-global-typography-text-font-family ), Sans-serif; font-weight: var( --e-global-typography-text-font-weight );\">Chiara&nbsp;<\/span><\/p>\t\t\t\t\t\t\t\t<\/div>\n\t\t\t\t<\/div>\n\t\t\t\t<div class=\"elementor-element elementor-element-c0aac1d elementor-align-center elementor-widget elementor-widget-button\" data-id=\"c0aac1d\" data-element_type=\"widget\" data-e-type=\"widget\" data-widget_type=\"button.default\">\n\t\t\t\t<div class=\"elementor-widget-container\">\n\t\t\t\t\t\t\t\t\t<div class=\"elementor-button-wrapper\">\n\t\t\t\t\t<a class=\"elementor-button elementor-button-link elementor-size-sm\" href=\"#\">\n\t\t\t\t\t\t<span class=\"elementor-button-content-wrapper\">\n\t\t\t\t\t\t\t\t\t<span class=\"elementor-button-text\">SI', METTIMI IN LISTA D'ATTESA<\/span>\n\t\t\t\t\t<\/span>\n\t\t\t\t\t<\/a>\n\t\t\t\t<\/div>\n\t\t\t\t\t\t\t\t<\/div>\n\t\t\t\t<\/div>\n\t\t\t\t\t<\/div>\n\t\t<\/div>\n\t\t\t\t\t<\/div>\n\t\t<\/section>\n\t\t\t\t<\/div>\n\t\t","protected":false},"excerpt":{"rendered":"<p>LA BUSSOLA &#8211; ritrovare senso, centro e carica! Ritrovare senso, centro e carica! Ti senti sovraccarica da mille cose e pensieri? Non riesci a fermare la &#8220;ruota del criceto&#8221;? Scendi e prenditi un attimo con me. Avere una direzione, trovare o ritrovare un senso in ci\u00f2 che facciamo e una rinnovata motivazione sono passi importanti [&hellip;]<\/p>\n","protected":false},"author":2,"featured_media":0,"parent":0,"menu_order":0,"comment_status":"closed","ping_status":"closed","template":"","meta":{"_uag_custom_page_level_css":"","footnotes":""},"class_list":["post-2631","page","type-page","status-publish","hentry"],"uagb_featured_image_src":{"full":false,"thumbnail":false,"medium":false,"medium_large":false,"large":false,"1536x1536":false,"2048x2048":false,"woocommerce_thumbnail":false,"woocommerce_single":false,"woocommerce_gallery_thumbnail":false},"uagb_author_info":{"display_name":"Chiara Ciceri","author_link":"https:\/\/chiarafciceri.com\/index.php\/author\/chiara\/"},"uagb_comment_info":0,"uagb_excerpt":"LA BUSSOLA &#8211; ritrovare senso, centro e carica! Ritrovare senso, centro e carica! Ti senti sovraccarica da mille cose e pensieri? Non riesci a fermare la &#8220;ruota del criceto&#8221;? Scendi e prenditi un attimo con me. Avere una direzione, trovare o ritrovare un senso in ci\u00f2 che facciamo e una rinnovata motivazione sono passi importanti&hellip;","_links":{"self":[{"href":"https:\/\/chiarafciceri.com\/index.php\/wp-json\/wp\/v2\/pages\/2631","targetHints":{"allow":["GET"]}}],"collection":[{"href":"https:\/\/chiarafciceri.com\/index.php\/wp-json\/wp\/v2\/pages"}],"about":[{"href":"https:\/\/chiarafciceri.com\/index.php\/wp-json\/wp\/v2\/types\/page"}],"author":[{"embeddable":true,"href":"https:\/\/chiarafciceri.com\/index.php\/wp-json\/wp\/v2\/users\/2"}],"replies":[{"embeddable":true,"href":"https:\/\/chiarafciceri.com\/index.php\/wp-json\/wp\/v2\/comments?post=2631"}],"version-history":[{"count":28,"href":"https:\/\/chiarafciceri.com\/index.php\/wp-json\/wp\/v2\/pages\/2631\/revisions"}],"predecessor-version":[{"id":4211,"href":"https:\/\/chiarafciceri.com\/index.php\/wp-json\/wp\/v2\/pages\/2631\/revisions\/4211"}],"wp:attachment":[{"href":"https:\/\/chiarafciceri.com\/index.php\/wp-json\/wp\/v2\/media?parent=2631"}],"curies":[{"name":"wp","href":"https:\/\/api.w.org\/{rel}","templated":true}]}}