{"id":2390,"date":"2022-09-01T13:11:53","date_gmt":"2022-09-01T13:11:53","guid":{"rendered":"https:\/\/chiarafciceri.com\/?page_id=2390"},"modified":"2024-06-27T14:34:30","modified_gmt":"2024-06-27T14:34:30","slug":"colloqui-di-counselling","status":"publish","type":"page","link":"https:\/\/chiarafciceri.com\/index.php\/colloqui-di-counselling\/","title":{"rendered":"Colloqui di counselling"},"content":{"rendered":"\t\t<div data-elementor-type=\"wp-page\" data-elementor-id=\"2390\" class=\"elementor elementor-2390\" data-elementor-post-type=\"page\">\n\t\t\t\t\t\t<section class=\"elementor-section elementor-top-section elementor-element elementor-element-bt5qcpl elementor-section-content-middle elementor-section-boxed elementor-section-height-default elementor-section-height-default\" data-id=\"bt5qcpl\" data-element_type=\"section\" data-e-type=\"section\">\n\t\t\t\t\t\t<div class=\"elementor-container elementor-column-gap-default\">\n\t\t\t\t\t<div class=\"elementor-column elementor-col-33 elementor-top-column elementor-element elementor-element-is6z5i7\" data-id=\"is6z5i7\" data-element_type=\"column\" data-e-type=\"column\" data-settings=\"{&quot;background_background&quot;:&quot;classic&quot;}\">\n\t\t\t<div class=\"elementor-widget-wrap elementor-element-populated\">\n\t\t\t\t\t\t<div class=\"elementor-element elementor-element-tsh2229 elementor-widget elementor-widget-image\" data-id=\"tsh2229\" data-element_type=\"widget\" data-e-type=\"widget\" data-widget_type=\"image.default\">\n\t\t\t\t<div class=\"elementor-widget-container\">\n\t\t\t\t\t\t\t\t\t\t\t\t\t\t\t<img fetchpriority=\"high\" decoding=\"async\" width=\"1024\" height=\"683\" src=\"https:\/\/chiarafciceri.com\/wp-content\/uploads\/2023\/02\/DSC_4919-Modifica-1024x683.jpg\" class=\"attachment-large size-large wp-image-3014\" alt=\"\" srcset=\"https:\/\/chiarafciceri.com\/wp-content\/uploads\/2023\/02\/DSC_4919-Modifica-1024x683.jpg 1024w, https:\/\/chiarafciceri.com\/wp-content\/uploads\/2023\/02\/DSC_4919-Modifica-300x200.jpg 300w, https:\/\/chiarafciceri.com\/wp-content\/uploads\/2023\/02\/DSC_4919-Modifica-768x513.jpg 768w, https:\/\/chiarafciceri.com\/wp-content\/uploads\/2023\/02\/DSC_4919-Modifica-1536x1025.jpg 1536w, https:\/\/chiarafciceri.com\/wp-content\/uploads\/2023\/02\/DSC_4919-Modifica-2048x1367.jpg 2048w, https:\/\/chiarafciceri.com\/wp-content\/uploads\/2023\/02\/DSC_4919-Modifica-600x400.jpg 600w\" sizes=\"(max-width: 768px) 92vw, (max-width: 992px) 780px, (max-width: 1071px) 980px, 1170px\" \/>\t\t\t\t\t\t\t\t\t\t\t\t\t\t\t<\/div>\n\t\t\t\t<\/div>\n\t\t\t\t\t<\/div>\n\t\t<\/div>\n\t\t\t\t<div class=\"elementor-column elementor-col-66 elementor-top-column elementor-element elementor-element-idz4rb9\" data-id=\"idz4rb9\" data-element_type=\"column\" data-e-type=\"column\" data-settings=\"{&quot;background_background&quot;:&quot;classic&quot;}\">\n\t\t\t<div class=\"elementor-widget-wrap elementor-element-populated\">\n\t\t\t\t\t\t<div class=\"elementor-element elementor-element-c00bc4c elementor-widget elementor-widget-heading\" data-id=\"c00bc4c\" data-element_type=\"widget\" data-e-type=\"widget\" data-widget_type=\"heading.default\">\n\t\t\t\t<div class=\"elementor-widget-container\">\n\t\t\t\t\t<h2 class=\"elementor-heading-title elementor-size-default\">Colloqui di Counselling individuali<\/h2>\t\t\t\t<\/div>\n\t\t\t\t<\/div>\n\t\t\t\t<div class=\"elementor-element elementor-element-lt5b1ey elementor-widget elementor-widget-text-editor\" data-id=\"lt5b1ey\" data-element_type=\"widget\" data-e-type=\"widget\" data-widget_type=\"text-editor.default\">\n\t\t\t\t<div class=\"elementor-widget-container\">\n\t\t\t\t\t\t\t\t\t<h3><span style=\"color: #277283; font-size: 21px;\">(in presenza o online)<\/span><\/h3><p><span style=\"color: #cc4806;\">Quando posso esserti utile? In\u00a0<span style=\"letter-spacing: 0.2px; font-family: var( --e-global-typography-text-font-family ), Sans-serif; font-weight: var( --e-global-typography-text-font-weight );\">tutte le situazioni in cui ti senti in crisi, inizi a dubitare delle tue capacit\u00e0 e del tuo valore: \u00e8 segno che non stai pi\u00f9 ragionando lucidamente e hai bisogno di un aiuto.<\/span><\/span><\/p><p>Ecco alcuni momenti difficili vissuti dai clienti che ho aiutato negli anni:<\/p><ul><li>Tensioni in coppia o famiglia<\/li><li>Separazioni<\/li><li>Cambi di vita (maternit\u00e0, menopausa, pensionamento&#8230;)<\/li><li>Licenziamenti<\/li><li>Tensioni con capi o colleghi<\/li><li>Mobbing<\/li><li>Lutti<\/li><li>Nuove prospettive lavorative che ti mettono ansia<\/li><li>Fasi della vita in cui devi riscrivere il tuo futuro<\/li><li>Quando i pensieri si aggrovigliano e non sai fermarli<\/li><\/ul><p><span style=\"color: var( --e-global-color-text ); font-family: var( --e-global-typography-text-font-family ), Sans-serif; font-weight: var( --e-global-typography-text-font-weight ); letter-spacing: 0.2px;\">\u00a0<\/span><\/p>\t\t\t\t\t\t\t\t<\/div>\n\t\t\t\t<\/div>\n\t\t\t\t<div class=\"elementor-element elementor-element-c626f0a elementor-align-center elementor-widget elementor-widget-button\" data-id=\"c626f0a\" data-element_type=\"widget\" data-e-type=\"widget\" data-widget_type=\"button.default\">\n\t\t\t\t<div class=\"elementor-widget-container\">\n\t\t\t\t\t\t\t\t\t<div class=\"elementor-button-wrapper\">\n\t\t\t\t\t<a class=\"elementor-button elementor-button-link elementor-size-sm\" href=\"https:\/\/chiarafciceri.com\/index.php\/contact\/\" target=\"_blank\">\n\t\t\t\t\t\t<span class=\"elementor-button-content-wrapper\">\n\t\t\t\t\t\t\t\t\t<span class=\"elementor-button-text\">PRENOTA LA TUA CALL GRATUITA<\/span>\n\t\t\t\t\t<\/span>\n\t\t\t\t\t<\/a>\n\t\t\t\t<\/div>\n\t\t\t\t\t\t\t\t<\/div>\n\t\t\t\t<\/div>\n\t\t\t\t\t<\/div>\n\t\t<\/div>\n\t\t\t\t\t<\/div>\n\t\t<\/section>\n\t\t\t\t<\/div>\n\t\t","protected":false},"excerpt":{"rendered":"<p>Colloqui di Counselling individuali (in presenza o online) Quando posso esserti utile? In\u00a0tutte le situazioni in cui ti senti in crisi, inizi a dubitare delle tue capacit\u00e0 e del tuo valore: \u00e8 segno che non stai pi\u00f9 ragionando lucidamente e hai bisogno di un aiuto. Ecco alcuni momenti difficili vissuti dai clienti che ho aiutato [&hellip;]<\/p>\n","protected":false},"author":1,"featured_media":0,"parent":0,"menu_order":0,"comment_status":"closed","ping_status":"closed","template":"","meta":{"_uag_custom_page_level_css":"","footnotes":""},"class_list":["post-2390","page","type-page","status-publish","hentry"],"uagb_featured_image_src":{"full":false,"thumbnail":false,"medium":false,"medium_large":false,"large":false,"1536x1536":false,"2048x2048":false,"woocommerce_thumbnail":false,"woocommerce_single":false,"woocommerce_gallery_thumbnail":false},"uagb_author_info":{"display_name":"admin","author_link":"https:\/\/chiarafciceri.com\/index.php\/author\/cc_kqggqffd\/"},"uagb_comment_info":0,"uagb_excerpt":"Colloqui di Counselling individuali (in presenza o online) Quando posso esserti utile? In\u00a0tutte le situazioni in cui ti senti in crisi, inizi a dubitare delle tue capacit\u00e0 e del tuo valore: \u00e8 segno che non stai pi\u00f9 ragionando lucidamente e hai bisogno di un aiuto. Ecco alcuni momenti difficili vissuti dai clienti che ho aiutato&hellip;","_links":{"self":[{"href":"https:\/\/chiarafciceri.com\/index.php\/wp-json\/wp\/v2\/pages\/2390","targetHints":{"allow":["GET"]}}],"collection":[{"href":"https:\/\/chiarafciceri.com\/index.php\/wp-json\/wp\/v2\/pages"}],"about":[{"href":"https:\/\/chiarafciceri.com\/index.php\/wp-json\/wp\/v2\/types\/page"}],"author":[{"embeddable":true,"href":"https:\/\/chiarafciceri.com\/index.php\/wp-json\/wp\/v2\/users\/1"}],"replies":[{"embeddable":true,"href":"https:\/\/chiarafciceri.com\/index.php\/wp-json\/wp\/v2\/comments?post=2390"}],"version-history":[{"count":93,"href":"https:\/\/chiarafciceri.com\/index.php\/wp-json\/wp\/v2\/pages\/2390\/revisions"}],"predecessor-version":[{"id":3827,"href":"https:\/\/chiarafciceri.com\/index.php\/wp-json\/wp\/v2\/pages\/2390\/revisions\/3827"}],"wp:attachment":[{"href":"https:\/\/chiarafciceri.com\/index.php\/wp-json\/wp\/v2\/media?parent=2390"}],"curies":[{"name":"wp","href":"https:\/\/api.w.org\/{rel}","templated":true}]}}