{"id":1232,"date":"2017-10-31T12:04:25","date_gmt":"2017-10-31T06:34:25","guid":{"rendered":"http:\/\/charvi.tanshcreative.com\/?page_id=1232"},"modified":"2026-04-02T12:10:21","modified_gmt":"2026-04-02T12:10:21","slug":"home-slider","status":"publish","type":"page","link":"https:\/\/chiarafciceri.com\/","title":{"rendered":"Home"},"content":{"rendered":"\t\t<div data-elementor-type=\"wp-post\" data-elementor-id=\"1232\" class=\"elementor elementor-1232\" data-elementor-post-type=\"page\">\n\t\t\t\t\t\t<section class=\"elementor-section elementor-top-section elementor-element elementor-element-lwhefrn elementor-section-stretched elementor-section-boxed elementor-section-height-default elementor-section-height-default\" data-id=\"lwhefrn\" data-element_type=\"section\" data-e-type=\"section\" data-settings=\"{&quot;background_background&quot;:&quot;classic&quot;,&quot;stretch_section&quot;:&quot;section-stretched&quot;,&quot;shape_divider_top&quot;:&quot;tilt&quot;}\">\n\t\t\t\t\t<div class=\"elementor-shape elementor-shape-top\" aria-hidden=\"true\" data-negative=\"false\">\n\t\t\t<svg xmlns=\"http:\/\/www.w3.org\/2000\/svg\" viewBox=\"0 0 1000 100\" preserveAspectRatio=\"none\">\n\t<path class=\"elementor-shape-fill\" d=\"M0,6V0h1000v100L0,6z\"\/>\n<\/svg>\t\t<\/div>\n\t\t\t\t\t<div class=\"elementor-container elementor-column-gap-default\">\n\t\t\t\t\t<div class=\"elementor-column elementor-col-100 elementor-top-column elementor-element elementor-element-nppdnch\" data-id=\"nppdnch\" data-element_type=\"column\" data-e-type=\"column\" data-settings=\"{&quot;background_background&quot;:&quot;gradient&quot;}\">\n\t\t\t<div class=\"elementor-widget-wrap elementor-element-populated\">\n\t\t\t\t\t<div class=\"elementor-background-overlay\"><\/div>\n\t\t\t\t\t\t<div class=\"elementor-element elementor-element-e068512 elementor-widget elementor-widget-spacer\" data-id=\"e068512\" data-element_type=\"widget\" data-e-type=\"widget\" data-widget_type=\"spacer.default\">\n\t\t\t\t<div class=\"elementor-widget-container\">\n\t\t\t\t\t\t\t<div class=\"elementor-spacer\">\n\t\t\t<div class=\"elementor-spacer-inner\"><\/div>\n\t\t<\/div>\n\t\t\t\t\t\t<\/div>\n\t\t\t\t<\/div>\n\t\t\t\t<div class=\"elementor-element elementor-element-kqxokoq elementor-widget elementor-widget-aboutbox\" data-id=\"kqxokoq\" data-element_type=\"widget\" data-e-type=\"widget\" data-widget_type=\"aboutbox.default\">\n\t\t\t\t<div class=\"elementor-widget-container\">\n\t\t\t\t\t<div class=\"dtr-about-wrapper clearfix\"><span class=\"dtr-about-tagline\" style=\"top:180px\">Benvenuti!<\/span><div class=\"dtr-about-image\"><\/div><div class=\"dtr-about-content\"><div class=\"dtr-about-description\"><div class=\"slogan-quote\"><blockquote><p>Benvenuta, benvenuto.<\/p><p><span style=\"color: #ff6600;\"><span style=\"font-weight: 400;\">Se sei qui probabilmente ti trovi nel mezzo di una situazione critica da cui cerchi di uscire.<\/span><\/span><\/p><p><span style=\"color: #ff6600;\"><span style=\"font-weight: 400;\">Non possiamo pensare lucidamente quando ci sentiamo sopraffatti, inefficaci o sbagliati.\u00a0<\/span><\/span><\/p><p><span style=\"color: #ff6600;\"><span style=\"font-weight: 400;\">Voglio dirti subito una cosa: \u00e8 normale sentirsi cos\u00ec, ma uscirne pu\u00f2 richiedere meno tempo di quanto pensi<\/span><\/span><span style=\"color: #ff6600;\"><span style=\"font-weight: 400;\">.\u00a0<\/span><\/span><\/p><\/blockquote><\/div><p><span style=\"font-weight: 400;\">Nei momenti di crisi, siano essi nel privato o nel professionale, gli strumenti che utilizziamo di solito per gestirci nella vita non ci bastano pi\u00f9.\u00a0<\/span><\/p><p><span style=\"font-weight: 400;\">Chi si rivolge a me cerca una tregua dallo star male, dalla confusione, dalla stanchezza dei picchi emotivi.<br \/><\/span><\/p><p><span style=\"font-weight: 400;\"><strong>Io ti aiuto fare ordine nei tuoi pensieri e nelle tue emozioni, in modo che nuove strategie funzionali possano emergere in tempi rapidi.<\/strong>\u00a0<\/span><\/p><p><span style=\"font-weight: 400;\">Potrai capire <\/span>cosa ti sta succedendo, vedere contro cosa o chi rischi di \"andare a sbattere\" e dotarti di nuovi strumenti, per non farti (pi\u00f9) male.<br \/><strong>Ritroverai la capacit\u00e0 di pensare lucidamente, di prendere buone decisioni. E tornerai a respirare senza affanno.<\/strong><\/p><p><span style=\"font-weight: 400;\">Sono Chiara, counsellor dal 2014 e oggi laureanda in Psicologia. Ti aiuto a portare alla luce le risorse che non credevi di avere.<\/span><\/p><p><span style=\"color: #ff6600;\">\u201cNon puoi controllare tutti gli eventi che ti accadono, ma puoi decidere di non venire ridotto da essi.\u201d<\/span> <br \/><span style=\"font-size: 15px;\">Maya Angelou<\/span><\/p><\/div><a class=\"dtr-about-btn themebtn\" href=\"https:\/\/chiarafciceri.com\/index.php\/about\/\" target=\"_blank\" >mi presento...<\/a><\/div><\/div>\t\t\t\t<\/div>\n\t\t\t\t<\/div>\n\t\t\t\t\t<\/div>\n\t\t<\/div>\n\t\t\t\t\t<\/div>\n\t\t<\/section>\n\t\t\t\t<section class=\"elementor-section elementor-top-section elementor-element elementor-element-fcea303 elementor-section-boxed elementor-section-height-default elementor-section-height-default\" data-id=\"fcea303\" data-element_type=\"section\" data-e-type=\"section\">\n\t\t\t\t\t\t<div class=\"elementor-container elementor-column-gap-default\">\n\t\t\t\t\t<div class=\"elementor-column elementor-col-100 elementor-top-column elementor-element elementor-element-9a77450\" data-id=\"9a77450\" data-element_type=\"column\" data-e-type=\"column\">\n\t\t\t<div class=\"elementor-widget-wrap elementor-element-populated\">\n\t\t\t\t\t\t<div class=\"elementor-element elementor-element-401d768 elementor-align-center elementor-widget elementor-widget-button\" data-id=\"401d768\" data-element_type=\"widget\" data-e-type=\"widget\" data-widget_type=\"button.default\">\n\t\t\t\t<div class=\"elementor-widget-container\">\n\t\t\t\t\t\t\t\t\t<div class=\"elementor-button-wrapper\">\n\t\t\t\t\t<a class=\"elementor-button elementor-button-link elementor-size-sm\" href=\"https:\/\/chiarafciceri.com\/index.php\/contact\/\" target=\"_blank\">\n\t\t\t\t\t\t<span class=\"elementor-button-content-wrapper\">\n\t\t\t\t\t\t\t\t\t<span class=\"elementor-button-text\">PRENOTA UNA CALL GRATUITA DI 15'<\/span>\n\t\t\t\t\t<\/span>\n\t\t\t\t\t<\/a>\n\t\t\t\t<\/div>\n\t\t\t\t\t\t\t\t<\/div>\n\t\t\t\t<\/div>\n\t\t\t\t<div class=\"elementor-element elementor-element-97c5619 elementor-widget elementor-widget-heading\" data-id=\"97c5619\" data-element_type=\"widget\" data-e-type=\"widget\" data-widget_type=\"heading.default\">\n\t\t\t\t<div class=\"elementor-widget-container\">\n\t\t\t\t\t<h4 class=\"elementor-heading-title elementor-size-default\"><h4><strong>Non sprecare altro tempo sperando che qualcosa prima o poi cambi.<br>Prenota la tua call conoscitiva gratuita di 15': <br>capiremo se e come possiamo lavorare insieme.<\/strong><\/h4><\/h4>\t\t\t\t<\/div>\n\t\t\t\t<\/div>\n\t\t\t\t\t<\/div>\n\t\t<\/div>\n\t\t\t\t\t<\/div>\n\t\t<\/section>\n\t\t\t\t<section class=\"elementor-section elementor-top-section elementor-element elementor-element-smbixyp elementor-section-stretched elementor-section-full_width elementor-section-height-default elementor-section-height-default\" data-id=\"smbixyp\" data-element_type=\"section\" data-e-type=\"section\" data-settings=\"{&quot;stretch_section&quot;:&quot;section-stretched&quot;,&quot;background_background&quot;:&quot;classic&quot;,&quot;shape_divider_top&quot;:&quot;split&quot;,&quot;shape_divider_top_negative&quot;:&quot;yes&quot;,&quot;shape_divider_bottom&quot;:&quot;split&quot;,&quot;shape_divider_bottom_negative&quot;:&quot;yes&quot;}\">\n\t\t\t\t\t\t\t<div class=\"elementor-background-overlay\"><\/div>\n\t\t\t\t\t\t<div class=\"elementor-shape elementor-shape-top\" aria-hidden=\"true\" data-negative=\"true\">\n\t\t\t<svg xmlns=\"http:\/\/www.w3.org\/2000\/svg\" viewBox=\"0 0 1000 20\" preserveAspectRatio=\"none\">\n\t<path class=\"elementor-shape-fill\" d=\"M519.8,0.2c-11,0-19.8,8.5-19.8,19c0-10.4-8.8-19-19.8-19L0,0v20h1000V0.2H519.8z\"\/>\n<\/svg>\t\t<\/div>\n\t\t\t\t<div class=\"elementor-shape elementor-shape-bottom\" aria-hidden=\"true\" data-negative=\"true\">\n\t\t\t<svg xmlns=\"http:\/\/www.w3.org\/2000\/svg\" viewBox=\"0 0 1000 20\" preserveAspectRatio=\"none\">\n\t<path class=\"elementor-shape-fill\" d=\"M519.8,0.2c-11,0-19.8,8.5-19.8,19c0-10.4-8.8-19-19.8-19L0,0v20h1000V0.2H519.8z\"\/>\n<\/svg>\t\t<\/div>\n\t\t\t\t\t<div class=\"elementor-container elementor-column-gap-default\">\n\t\t\t\t\t<div class=\"elementor-column elementor-col-100 elementor-top-column elementor-element elementor-element-lbiaunh\" data-id=\"lbiaunh\" data-element_type=\"column\" data-e-type=\"column\">\n\t\t\t<div class=\"elementor-widget-wrap elementor-element-populated\">\n\t\t\t\t\t\t<div class=\"elementor-element elementor-element-nqktdqx elementor-widget elementor-widget-heading\" data-id=\"nqktdqx\" data-element_type=\"widget\" data-e-type=\"widget\" data-widget_type=\"heading.default\">\n\t\t\t\t<div class=\"elementor-widget-container\">\n\t\t\t\t\t<h3 class=\"elementor-heading-title elementor-size-default\">I miei servizi<\/h3>\t\t\t\t<\/div>\n\t\t\t\t<\/div>\n\t\t\t\t\t<\/div>\n\t\t<\/div>\n\t\t\t\t\t<\/div>\n\t\t<\/section>\n\t\t\t\t<section class=\"elementor-section elementor-top-section elementor-element elementor-element-65c8dd0 elementor-section-boxed elementor-section-height-default elementor-section-height-default\" data-id=\"65c8dd0\" data-element_type=\"section\" data-e-type=\"section\">\n\t\t\t\t\t\t<div class=\"elementor-container elementor-column-gap-default\">\n\t\t\t\t\t<div class=\"elementor-column elementor-col-25 elementor-top-column elementor-element elementor-element-d45c0b1\" data-id=\"d45c0b1\" data-element_type=\"column\" data-e-type=\"column\">\n\t\t\t<div class=\"elementor-widget-wrap elementor-element-populated\">\n\t\t\t\t\t\t<div class=\"elementor-element elementor-element-fdf85a7 elementor-widget elementor-widget-packagebox\" data-id=\"fdf85a7\" data-element_type=\"widget\" data-e-type=\"widget\" data-widget_type=\"packagebox.default\">\n\t\t\t\t<div class=\"elementor-widget-container\">\n\t\t\t\t\t<div class=\"dtr-packagebox\"><figure class=\"dtr-packagebox-img\"><img decoding=\"async\" src=\"https:\/\/chiarafciceri.com\/wp-content\/uploads\/2025\/01\/MBSR_immagine_homepage.jpg\" alt=\"MBSR_immagine_homepage\" title=\"MBSR_immagine_homepage\"><\/figure><span class=\"dtr-packagebox-tagline\">A CHIASSO<\/span><div class=\"dtr-packagebox-content\"><h5 class=\"dtr-packagebox-title\">MINDFULNESS BASED STRESS REDUTION<\/h5><p class=\"packagebox-description\">\"Non puoi fermare il mare, ma puoi imparare il surf\"\n(Jon Kabat Zinn)\n<br><br>\nUn percorso esperienziale di 8 settimane: 8 incontri serali e 1 giornata<\/p><a class=\"themebtn dtr-packagebox-btn\" href=\"https:\/\/chiarafciceri.com\/index.php\/corsi-con-me\/\" target=\"_blank\" >Maggiori dettagli qui<\/a><\/div><\/div>\t\t\t\t<\/div>\n\t\t\t\t<\/div>\n\t\t\t\t\t<\/div>\n\t\t<\/div>\n\t\t\t\t<div class=\"elementor-column elementor-col-25 elementor-top-column elementor-element elementor-element-4ca8423\" data-id=\"4ca8423\" data-element_type=\"column\" data-e-type=\"column\" data-settings=\"{&quot;background_background&quot;:&quot;classic&quot;,&quot;background_motion_fx_motion_fx_mouse&quot;:&quot;yes&quot;}\">\n\t\t\t<div class=\"elementor-widget-wrap elementor-element-populated\">\n\t\t\t\t\t\t<div class=\"elementor-element elementor-element-81a3ff9 elementor-widget elementor-widget-packagebox\" data-id=\"81a3ff9\" data-element_type=\"widget\" data-e-type=\"widget\" data-widget_type=\"packagebox.default\">\n\t\t\t\t<div class=\"elementor-widget-container\">\n\t\t\t\t\t<div class=\"dtr-packagebox\"><figure class=\"dtr-packagebox-img\"><img decoding=\"async\" src=\"https:\/\/chiarafciceri.com\/wp-content\/uploads\/2022\/11\/Untitled-2560-\u00d7-1437-px.png\" alt=\"Untitled (2560 \u00d7 1437 px)\" title=\"Untitled (2560 \u00d7 1437 px)\"><\/figure><span class=\"dtr-packagebox-tagline\">ONLINE O IN PRESENZA<\/span><div class=\"dtr-packagebox-content\"><h5 class=\"dtr-packagebox-title\">COLLOQUI DI COUNSELLING<\/h5><p class=\"packagebox-description\">Necessari quando ti senti in crisi, hai provato di tutto senza successo, inizi a dubitare delle tue capacit\u00e0 e del tuo valore, non sai cosa fare: \u00e8 segno che non stai pi\u00f9 ragionando lucidamente. \n<br><br>Hai bisogno di un aiuto rapido.<br><br>\n\nIn una call conoscitiva di 15 minuti capiamo se possiamo lavorare insieme.<\/p><a class=\"themebtn dtr-packagebox-btn\" href=\"https:\/\/chiarafciceri.com\/index.php\/contact\/\" target=\"_blank\" >PRENOTA LA TUA CALL CONOSCITIVA<\/a><\/div><\/div>\t\t\t\t<\/div>\n\t\t\t\t<\/div>\n\t\t\t\t\t<\/div>\n\t\t<\/div>\n\t\t\t\t<div class=\"elementor-column elementor-col-25 elementor-top-column elementor-element elementor-element-aed3497\" data-id=\"aed3497\" data-element_type=\"column\" data-e-type=\"column\" data-settings=\"{&quot;background_background&quot;:&quot;classic&quot;,&quot;background_motion_fx_motion_fx_mouse&quot;:&quot;yes&quot;}\">\n\t\t\t<div class=\"elementor-widget-wrap elementor-element-populated\">\n\t\t\t\t\t\t<div class=\"elementor-element elementor-element-d3f6805 elementor-widget elementor-widget-packagebox\" data-id=\"d3f6805\" data-element_type=\"widget\" data-e-type=\"widget\" data-widget_type=\"packagebox.default\">\n\t\t\t\t<div class=\"elementor-widget-container\">\n\t\t\t\t\t<div class=\"dtr-packagebox\"><figure class=\"dtr-packagebox-img\"><img decoding=\"async\" src=\"https:\/\/chiarafciceri.com\/wp-content\/uploads\/2024\/01\/4-e1730887429293.jpg\" alt=\"4\" title=\"4\"><\/figure><span class=\"dtr-packagebox-tagline\">FORMAZIONE SU MISURA<\/span><div class=\"dtr-packagebox-content\"><h5 class=\"dtr-packagebox-title\">SPORTELLI o<BR>CORSI PER AZIENDE<\/h5><p class=\"packagebox-description\">Un buon clima in azienda e collaboratori (sufficientemente) sereni sono condizioni indispensabili per lavorare con profitto e soddisfazione.<br><br>\nIl counselling lavora sia sulla dimensione individuale, che sulla dimensione di gruppo. <br>\nIl risultato \u00e8 l\u2019empowerment personale e dell\u2019intera equipe.\n<\/p><a class=\"themebtn dtr-packagebox-btn\" href=\"https:\/\/chiarafciceri.com\/index.php\/corsi-con-me\/\" target=\"_blank\" >SCOPRI DI PIU'<\/a><\/div><\/div>\t\t\t\t<\/div>\n\t\t\t\t<\/div>\n\t\t\t\t\t<\/div>\n\t\t<\/div>\n\t\t\t\t<div class=\"elementor-column elementor-col-25 elementor-top-column elementor-element elementor-element-09b555c\" data-id=\"09b555c\" data-element_type=\"column\" data-e-type=\"column\" data-settings=\"{&quot;background_background&quot;:&quot;classic&quot;,&quot;background_motion_fx_motion_fx_mouse&quot;:&quot;yes&quot;}\">\n\t\t\t<div class=\"elementor-widget-wrap elementor-element-populated\">\n\t\t\t\t\t\t<div class=\"elementor-element elementor-element-e1b2dbb elementor-widget elementor-widget-packagebox\" data-id=\"e1b2dbb\" data-element_type=\"widget\" data-e-type=\"widget\" data-widget_type=\"packagebox.default\">\n\t\t\t\t<div class=\"elementor-widget-container\">\n\t\t\t\t\t<div class=\"dtr-packagebox\"><figure class=\"dtr-packagebox-img\"><img decoding=\"async\" src=\"https:\/\/chiarafciceri.com\/wp-content\/uploads\/2024\/11\/Stress_ImmagineLanding-e1730887610151.png\" alt=\"Stress_ImmagineLanding\" title=\"Stress_ImmagineLanding\"><\/figure><span class=\"dtr-packagebox-tagline\">CORSO ONLINE O IN PRESENZA<\/span><div class=\"dtr-packagebox-content\"><h5 class=\"dtr-packagebox-title\">STRESS <BR>AMICO e NEMICO<\/h5><p class=\"packagebox-description\">Sei spaventat\u04d9 dai segnali del tuo corpo? Ti senti vuot\u04d9 e esaurit\u04d9 allo stesso tempo?\nTi senti intrappolat\u04d9 in una situazione su cui non hai alcun potere? Stai pensando di fuggire per evitare ci\u00f2 che ti sta stressando?<br><br>Questo corso ti aiuter\u00e0 a conoscere lo stress di cui hai bisogno e quello che ti sta danneggiando. E molti strumenti per gestirlo al meglio.\n<\/p><a class=\"themebtn dtr-packagebox-btn\" href=\"https:\/\/chiarafciceri.com\/index.php\/product\/stress-amico-e-nemico\/\"  >SCOPRI DI PIU'<\/a><\/div><\/div>\t\t\t\t<\/div>\n\t\t\t\t<\/div>\n\t\t\t\t\t<\/div>\n\t\t<\/div>\n\t\t\t\t\t<\/div>\n\t\t<\/section>\n\t\t\t\t<section class=\"elementor-section elementor-top-section elementor-element elementor-element-untitgf elementor-section-stretched elementor-section-boxed elementor-section-height-default elementor-section-height-default\" data-id=\"untitgf\" data-element_type=\"section\" data-e-type=\"section\" data-settings=\"{&quot;stretch_section&quot;:&quot;section-stretched&quot;}\">\n\t\t\t\t\t\t<div class=\"elementor-container elementor-column-gap-default\">\n\t\t\t\t\t<div class=\"elementor-column elementor-col-100 elementor-top-column elementor-element elementor-element-usfsxcx\" data-id=\"usfsxcx\" data-element_type=\"column\" data-e-type=\"column\">\n\t\t\t<div class=\"elementor-widget-wrap elementor-element-populated\">\n\t\t\t\t\t\t<div class=\"elementor-element elementor-element-gymyzco elementor-widget elementor-widget-heading\" data-id=\"gymyzco\" data-element_type=\"widget\" data-e-type=\"widget\" data-widget_type=\"heading.default\">\n\t\t\t\t<div class=\"elementor-widget-container\">\n\t\t\t\t\t<h3 class=\"elementor-heading-title elementor-size-default\">Gli articoli che non puoi perderti<\/h3>\t\t\t\t<\/div>\n\t\t\t\t<\/div>\n\t\t\t\t\t<\/div>\n\t\t<\/div>\n\t\t\t\t\t<\/div>\n\t\t<\/section>\n\t\t\t\t<section class=\"elementor-section elementor-top-section elementor-element elementor-element-anvihay elementor-section-stretched elementor-section-boxed elementor-section-height-default elementor-section-height-default\" data-id=\"anvihay\" data-element_type=\"section\" data-e-type=\"section\" data-settings=\"{&quot;stretch_section&quot;:&quot;section-stretched&quot;}\">\n\t\t\t\t\t\t<div class=\"elementor-container elementor-column-gap-default\">\n\t\t\t\t\t<div class=\"elementor-column elementor-col-33 elementor-top-column elementor-element elementor-element-oolgxjd\" data-id=\"oolgxjd\" data-element_type=\"column\" data-e-type=\"column\">\n\t\t\t<div class=\"elementor-widget-wrap elementor-element-populated\">\n\t\t\t\t\t\t<div class=\"elementor-element elementor-element-gfemixy elementor-widget elementor-widget-promobox\" data-id=\"gfemixy\" data-element_type=\"widget\" data-e-type=\"widget\" data-widget_type=\"promobox.default\">\n\t\t\t\t<div class=\"elementor-widget-container\">\n\t\t\t\t\t<div class=\"dtr-promobox-wrapper \"><div class=\"dtr-promobox\"><div class=\"dtr-promobox-caption\"><span class=\"dtr-promobox-subtitle\">ANSIA<\/span><h5 class=\"dtr-promobox-title\">Conosci e gestisci le tue attivazioni<\/h5><a class=\"dtr-promobox-btn themebtn\" href=\"https:\/\/chiarafciceri.com\/index.php\/2022\/10\/27\/ansiaezebre\/\" target=\"_blank\" >Leggi<\/a><\/div><\/div><\/div>\t\t\t\t<\/div>\n\t\t\t\t<\/div>\n\t\t\t\t\t<\/div>\n\t\t<\/div>\n\t\t\t\t<div class=\"elementor-column elementor-col-33 elementor-top-column elementor-element elementor-element-tnpyxzf\" data-id=\"tnpyxzf\" data-element_type=\"column\" data-e-type=\"column\">\n\t\t\t<div class=\"elementor-widget-wrap elementor-element-populated\">\n\t\t\t\t\t\t<div class=\"elementor-element elementor-element-wdgchai elementor-widget elementor-widget-promobox\" data-id=\"wdgchai\" data-element_type=\"widget\" data-e-type=\"widget\" data-widget_type=\"promobox.default\">\n\t\t\t\t<div class=\"elementor-widget-container\">\n\t\t\t\t\t<div class=\"dtr-promobox-wrapper \"><div class=\"dtr-promobox\"><div class=\"dtr-promobox-caption\"><span class=\"dtr-promobox-subtitle\">STRESS<\/span><h5 class=\"dtr-promobox-title\">Come gestire il limite<\/h5><a class=\"dtr-promobox-btn themebtn\" href=\"https:\/\/chiarafciceri.com\/index.php\/2021\/02\/09\/perche-sbottiamo\/\"  >LEGGI<\/a><\/div><\/div><\/div>\t\t\t\t<\/div>\n\t\t\t\t<\/div>\n\t\t\t\t\t<\/div>\n\t\t<\/div>\n\t\t\t\t<div class=\"elementor-column elementor-col-33 elementor-top-column elementor-element elementor-element-gkxpten\" data-id=\"gkxpten\" data-element_type=\"column\" data-e-type=\"column\">\n\t\t\t<div class=\"elementor-widget-wrap elementor-element-populated\">\n\t\t\t\t\t\t<div class=\"elementor-element elementor-element-wkyrqln elementor-widget elementor-widget-promobox\" data-id=\"wkyrqln\" data-element_type=\"widget\" data-e-type=\"widget\" data-widget_type=\"promobox.default\">\n\t\t\t\t<div class=\"elementor-widget-container\">\n\t\t\t\t\t<div class=\"dtr-promobox-wrapper \"><div class=\"dtr-promobox\"><div class=\"dtr-promobox-caption\"><span class=\"dtr-promobox-subtitle\">SOGNI<\/span><h5 class=\"dtr-promobox-title\">A cosa servono?<\/h5><a class=\"dtr-promobox-btn themebtn\" href=\"https:\/\/chiarafciceri.com\/?p=2517\"  >LEGGI<\/a><\/div><\/div><\/div>\t\t\t\t<\/div>\n\t\t\t\t<\/div>\n\t\t\t\t\t<\/div>\n\t\t<\/div>\n\t\t\t\t\t<\/div>\n\t\t<\/section>\n\t\t\t\t<section class=\"elementor-section elementor-top-section elementor-element elementor-element-d528c30 elementor-section-boxed elementor-section-height-default elementor-section-height-default\" data-id=\"d528c30\" data-element_type=\"section\" data-e-type=\"section\">\n\t\t\t\t\t\t<div class=\"elementor-container elementor-column-gap-default\">\n\t\t\t\t\t<div class=\"elementor-column elementor-col-100 elementor-top-column elementor-element elementor-element-217848c\" data-id=\"217848c\" data-element_type=\"column\" data-e-type=\"column\">\n\t\t\t<div class=\"elementor-widget-wrap elementor-element-populated\">\n\t\t\t\t\t\t<div class=\"elementor-element elementor-element-2e3a415 elementor-widget elementor-widget-text-editor\" data-id=\"2e3a415\" data-element_type=\"widget\" data-e-type=\"widget\" data-widget_type=\"text-editor.default\">\n\t\t\t\t<div class=\"elementor-widget-container\">\n\t\t\t\t\t\t\t\t\t<p><span style=\"color: #ffffff; font-size: 9px;\"><span style=\"color: #ffffff;\">Colloqui di counselling, counseling e psicologa in Ticino, a Chiasso, a Lugano, a Mendrisio, a Balerna, a Stabio, a Riva San Vitale, a Morbio. Counselor professionale, consulente psicosociale per aiuto alla persona quando si sente in crisi. Conflitti in famiglia, conflitti sul lavoro con i colleghi e con i capi, problemi di autostima, gestione dello stress e dell&#8217;ansia.<\/span><\/span><\/p>\t\t\t\t\t\t\t\t<\/div>\n\t\t\t\t<\/div>\n\t\t\t\t\t<\/div>\n\t\t<\/div>\n\t\t\t\t\t<\/div>\n\t\t<\/section>\n\t\t\t\t<\/div>\n\t\t","protected":false},"excerpt":{"rendered":"<p>Benvenuti! Benvenuta, benvenuto. Se sei qui probabilmente ti trovi nel mezzo di una situazione critica da cui cerchi di uscire. Non possiamo pensare lucidamente quando ci sentiamo sopraffatti, inefficaci o sbagliati.\u00a0 Voglio dirti subito una cosa: \u00e8 normale sentirsi cos\u00ec, ma uscirne pu\u00f2 richiedere meno tempo di quanto pensi.\u00a0 Nei momenti di crisi, siano essi [&hellip;]<\/p>\n","protected":false},"author":1,"featured_media":0,"parent":0,"menu_order":0,"comment_status":"closed","ping_status":"closed","template":"template-no-page-header.php","meta":{"_uag_custom_page_level_css":"","footnotes":""},"class_list":["post-1232","page","type-page","status-publish","hentry"],"uagb_featured_image_src":{"full":false,"thumbnail":false,"medium":false,"medium_large":false,"large":false,"1536x1536":false,"2048x2048":false,"woocommerce_thumbnail":false,"woocommerce_single":false,"woocommerce_gallery_thumbnail":false},"uagb_author_info":{"display_name":"admin","author_link":"https:\/\/chiarafciceri.com\/index.php\/author\/cc_kqggqffd\/"},"uagb_comment_info":0,"uagb_excerpt":"Benvenuti! Benvenuta, benvenuto. Se sei qui probabilmente ti trovi nel mezzo di una situazione critica da cui cerchi di uscire. Non possiamo pensare lucidamente quando ci sentiamo sopraffatti, inefficaci o sbagliati.\u00a0 Voglio dirti subito una cosa: \u00e8 normale sentirsi cos\u00ec, ma uscirne pu\u00f2 richiedere meno tempo di quanto pensi.\u00a0 Nei momenti di crisi, siano essi&hellip;","_links":{"self":[{"href":"https:\/\/chiarafciceri.com\/index.php\/wp-json\/wp\/v2\/pages\/1232","targetHints":{"allow":["GET"]}}],"collection":[{"href":"https:\/\/chiarafciceri.com\/index.php\/wp-json\/wp\/v2\/pages"}],"about":[{"href":"https:\/\/chiarafciceri.com\/index.php\/wp-json\/wp\/v2\/types\/page"}],"author":[{"embeddable":true,"href":"https:\/\/chiarafciceri.com\/index.php\/wp-json\/wp\/v2\/users\/1"}],"replies":[{"embeddable":true,"href":"https:\/\/chiarafciceri.com\/index.php\/wp-json\/wp\/v2\/comments?post=1232"}],"version-history":[{"count":530,"href":"https:\/\/chiarafciceri.com\/index.php\/wp-json\/wp\/v2\/pages\/1232\/revisions"}],"predecessor-version":[{"id":4357,"href":"https:\/\/chiarafciceri.com\/index.php\/wp-json\/wp\/v2\/pages\/1232\/revisions\/4357"}],"wp:attachment":[{"href":"https:\/\/chiarafciceri.com\/index.php\/wp-json\/wp\/v2\/media?parent=1232"}],"curies":[{"name":"wp","href":"https:\/\/api.w.org\/{rel}","templated":true}]}}